{"id":181,"date":"2026-02-26T13:49:23","date_gmt":"2026-02-26T17:49:23","guid":{"rendered":"https:\/\/joyeriaxixon.com\/?post_type=product&#038;p=181"},"modified":"2026-02-27T09:00:45","modified_gmt":"2026-02-27T13:00:45","slug":"lingote-de-oro","status":"publish","type":"product","link":"https:\/\/joyeriaxixon.com\/?product=lingote-de-oro","title":{"rendered":"Lingote de Oro"},"content":{"rendered":"<div class=\"css-1hk1hh6-5e6d46e3--DivDescriptionContentContainer e11y6mls1\" data-e2e=\"video-desc\">\n<p><span class=\"TUXText TUXText--tiktok-sans css-16xepmg-5e6d46e3--StyledTUXText e1gw1eda0\" data-e2e=\"desc-span-0\">Pureza Inigualable: Cada l\u00e1mina est\u00e1 hecha de oro 750 garantizando la m\u00e1s alta calidad y pureza en el mercado.<\/span><\/p>\n<p><span class=\"TUXText TUXText--tiktok-sans css-16xepmg-5e6d46e3--StyledTUXText e1gw1eda0\" data-e2e=\"desc-span-2\">\u2728 Variedad de Pesos: Elije entre nuestras opciones de 1g, 5g, 10g, 20g y 30g para encontrar la inversi\u00f3n perfecta para ti.<\/span><\/p>\n<p><span class=\"TUXText TUXText--tiktok-sans css-16xepmg-5e6d46e3--StyledTUXText e1gw1eda0\" data-e2e=\"desc-span-4\">\u2728 Certificaci\u00f3n de Autenticidad: Cada l\u00e1mina viene con un certificado de autenticidad para garantizar su valor y calidad.<\/span><\/p>\n<p><span class=\"TUXText TUXText--tiktok-sans css-16xepmg-5e6d46e3--StyledTUXText e1gw1eda0\" data-e2e=\"desc-span-6\">\u2728 Dise\u00f1o Elegante: Nuestras l\u00e1minas cuentan con un dise\u00f1o sofisticado y elegante, haci\u00e9ndolas no solo una inversi\u00f3n sino tambi\u00e9n una obra de arte.<\/span><\/p>\n<p><span class=\"TUXText TUXText--tiktok-sans css-16xepmg-5e6d46e3--StyledTUXText e1gw1eda0\" data-e2e=\"desc-span-8\">\u2728 Inversi\u00f3n Segura: El oro es uno de los activos m\u00e1s seguros y confiables, ofreciendo una protecci\u00f3n s\u00f3lida contra la inflaci\u00f3n y la incertidumbre del mercado.<\/span><\/p>\n<\/div>\n","protected":false},"excerpt":{"rendered":"<p>Pureza Inigualable: Cada l\u00e1mina est\u00e1 hecha de oro 750 garantizando la m\u00e1s alta calidad y pureza en el mercado. \u2728 Variedad de Pesos: Elije entre nuestras opciones de 1g, 5g, 10g, 20g y 30g para encontrar la inversi\u00f3n perfecta para ti. \u2728 Certificaci\u00f3n de Autenticidad: Cada l\u00e1mina viene con un certificado de autenticidad para garantizar [&hellip;]<\/p>\n","protected":false},"featured_media":187,"comment_status":"open","ping_status":"closed","template":"","meta":{"_et_pb_use_builder":"on","_et_pb_old_content":"<div class=\"css-1hk1hh6-5e6d46e3--DivDescriptionContentContainer e11y6mls1\" data-e2e=\"video-desc\">\r\n\r\n<span class=\"TUXText TUXText--tiktok-sans css-16xepmg-5e6d46e3--StyledTUXText e1gw1eda0\" data-e2e=\"desc-span-0\">Pureza Inigualable: Cada l\u00e1mina est\u00e1 hecha de oro 750 garantizando la m\u00e1s alta calidad y pureza en el mercado.<\/span>\r\n\r\n<span class=\"TUXText TUXText--tiktok-sans css-16xepmg-5e6d46e3--StyledTUXText e1gw1eda0\" data-e2e=\"desc-span-2\">\u2728 Variedad de Pesos: Elije entre nuestras opciones de 1g, 5g, 10g, 20g y 30g para encontrar la inversi\u00f3n perfecta para ti.<\/span>\r\n\r\n<span class=\"TUXText TUXText--tiktok-sans css-16xepmg-5e6d46e3--StyledTUXText e1gw1eda0\" data-e2e=\"desc-span-4\">\u2728 Certificaci\u00f3n de Autenticidad: Cada l\u00e1mina viene con un certificado de autenticidad para garantizar su valor y calidad.<\/span>\r\n\r\n<span class=\"TUXText TUXText--tiktok-sans css-16xepmg-5e6d46e3--StyledTUXText e1gw1eda0\" data-e2e=\"desc-span-6\">\u2728 Dise\u00f1o Elegante: Nuestras l\u00e1minas cuentan con un dise\u00f1o sofisticado y elegante, haci\u00e9ndolas no solo una inversi\u00f3n sino tambi\u00e9n una obra de arte.<\/span>\r\n\r\n<span class=\"TUXText TUXText--tiktok-sans css-16xepmg-5e6d46e3--StyledTUXText e1gw1eda0\" data-e2e=\"desc-span-8\">\u2728 Inversi\u00f3n Segura: El oro es uno de los activos m\u00e1s seguros y confiables, ofreciendo una protecci\u00f3n s\u00f3lida contra la inflaci\u00f3n y la incertidumbre del mercado.<\/span>\r\n\r\n<\/div>","_et_gb_content_width":""},"product_brand":[],"product_cat":[24],"product_tag":[28,27,25,26],"class_list":{"0":"post-181","1":"product","2":"type-product","3":"status-publish","4":"has-post-thumbnail","6":"product_cat-lingotes","7":"product_tag-garanti","8":"product_tag-inversion","9":"product_tag-lingote","10":"product_tag-oro","12":"first","13":"instock","14":"shipping-taxable","15":"purchasable","16":"product-type-variable"},"_links":{"self":[{"href":"https:\/\/joyeriaxixon.com\/index.php?rest_route=\/wp\/v2\/product\/181","targetHints":{"allow":["GET"]}}],"collection":[{"href":"https:\/\/joyeriaxixon.com\/index.php?rest_route=\/wp\/v2\/product"}],"about":[{"href":"https:\/\/joyeriaxixon.com\/index.php?rest_route=\/wp\/v2\/types\/product"}],"replies":[{"embeddable":true,"href":"https:\/\/joyeriaxixon.com\/index.php?rest_route=%2Fwp%2Fv2%2Fcomments&post=181"}],"wp:featuredmedia":[{"embeddable":true,"href":"https:\/\/joyeriaxixon.com\/index.php?rest_route=\/wp\/v2\/media\/187"}],"wp:attachment":[{"href":"https:\/\/joyeriaxixon.com\/index.php?rest_route=%2Fwp%2Fv2%2Fmedia&parent=181"}],"wp:term":[{"taxonomy":"product_brand","embeddable":true,"href":"https:\/\/joyeriaxixon.com\/index.php?rest_route=%2Fwp%2Fv2%2Fproduct_brand&post=181"},{"taxonomy":"product_cat","embeddable":true,"href":"https:\/\/joyeriaxixon.com\/index.php?rest_route=%2Fwp%2Fv2%2Fproduct_cat&post=181"},{"taxonomy":"product_tag","embeddable":true,"href":"https:\/\/joyeriaxixon.com\/index.php?rest_route=%2Fwp%2Fv2%2Fproduct_tag&post=181"}],"curies":[{"name":"wp","href":"https:\/\/api.w.org\/{rel}","templated":true}]}}